{"id":968,"date":"2017-04-22T19:00:59","date_gmt":"2017-04-22T18:00:59","guid":{"rendered":"http:\/\/ursula-schregel.com\/?page_id=968"},"modified":"2018-06-11T21:24:19","modified_gmt":"2018-06-11T19:24:19","slug":"newsletter-danke","status":"publish","type":"page","link":"https:\/\/www.ursula-schregel.com\/en\/newsletter-danke","title":{"rendered":"Danke f\u00fcr die Anmeldung"},"content":{"rendered":"<p><strong>Nur noch eine Kleinigkeit&#8230;.<\/strong><\/p>\n<p>Sie haben gerade eine Best\u00e4tigungsaufforderung an die von Ihnen angegebene E-Mail-Adresse erhalten. Bitte klicken Sie auf den Link in der E-Mail, damit wir Ihnen regelm\u00e4\u00dfig den Newsletter\u00a0zusenden d\u00fcrfen.<\/p>\n<p>So k\u00f6nnen wir sicher sein, dass Sie selbst Ihre Adresse angegeben haben und tats\u00e4chlich E-Mails von uns erhalten m\u00f6chten. Wir sind gesetzlich verpflichtet, diese doppelte Kontrolle (double-opt-in) durchzuf\u00fchren.<\/p>\n<p><a href=\"http:\/\/ursula-schregel.com\" data-jsb_prepared=\"wpnbg70g3i\">Weiter zu meinen News<\/a><\/p>\n","protected":false},"excerpt":{"rendered":"<p>Nur noch eine Kleinigkeit&#8230;. Sie haben gerade eine Best\u00e4tigungsaufforderung an die von Ihnen angegebene E-Mail-Adresse&#8230;<\/p>\n<div class=\"more-link-wrapper\"><a class=\"more-link\" href=\"https:\/\/www.ursula-schregel.com\/en\/newsletter-danke\">Read the post<span class=\"screen-reader-text\">Danke f\u00fcr die Anmeldung<\/span><\/a><\/div>\n","protected":false},"author":2,"featured_media":0,"parent":0,"menu_order":12,"comment_status":"closed","ping_status":"closed","template":"","meta":[],"translation":{"provider":"WPGlobus","version":"2.12.2","language":"en","enabled_languages":["de","en"],"languages":{"de":{"title":true,"content":true,"excerpt":false},"en":{"title":false,"content":false,"excerpt":false}}},"_links":{"self":[{"href":"https:\/\/www.ursula-schregel.com\/en\/wp-json\/wp\/v2\/pages\/968"}],"collection":[{"href":"https:\/\/www.ursula-schregel.com\/en\/wp-json\/wp\/v2\/pages"}],"about":[{"href":"https:\/\/www.ursula-schregel.com\/en\/wp-json\/wp\/v2\/types\/page"}],"author":[{"embeddable":true,"href":"https:\/\/www.ursula-schregel.com\/en\/wp-json\/wp\/v2\/users\/2"}],"replies":[{"embeddable":true,"href":"https:\/\/www.ursula-schregel.com\/en\/wp-json\/wp\/v2\/comments?post=968"}],"version-history":[{"count":6,"href":"https:\/\/www.ursula-schregel.com\/en\/wp-json\/wp\/v2\/pages\/968\/revisions"}],"predecessor-version":[{"id":970,"href":"https:\/\/www.ursula-schregel.com\/en\/wp-json\/wp\/v2\/pages\/968\/revisions\/970"}],"wp:attachment":[{"href":"https:\/\/www.ursula-schregel.com\/en\/wp-json\/wp\/v2\/media?parent=968"}],"curies":[{"name":"wp","href":"https:\/\/api.w.org\/{rel}","templated":true}]}}