{"id":7,"date":"2016-02-26T09:30:51","date_gmt":"2016-02-26T08:30:51","guid":{"rendered":"http:\/\/ursula-schregel.com\/?page_id=7"},"modified":"2025-09-20T23:46:08","modified_gmt":"2025-09-20T21:46:08","slug":"impressum","status":"publish","type":"page","link":"https:\/\/www.ursula-schregel.com\/en\/impressum","title":{"rendered":"Imprint"},"content":{"rendered":"<p><strong>Angaben gem\u00e4\u00df \u00a7 5 TMG:<br \/>\n<\/strong>Ursula Schregel<br \/>\n&#8211; Atelier &#8211;<br \/>\nM\u00fchlenstra\u00dfe 22a<br \/>\n52382 Niederzier<\/p>\n<p><strong>Kontakt:<\/strong><br \/>\nTelefon +49 160 5339270 \/ +33 6 11 54 35 32<br \/>\nursula.schregel@gmail.com<\/p>\n<p><a href=\"http:\/\/ursula-schregel.com\/kontakt\">Kontaktformular \u2013 Wir freuen uns \u00fcber Ihre Mitteilung<\/a><\/p>\n<p><strong>Verantwortlich f\u00fcr den Inhalt nach \u00a7 55 Abs. 2 RStV:<\/strong><br \/>\nUrsula Schregel<\/p>\n<p><strong>Fotos:<\/strong><br \/>\nJan Krawitz, Ursula Schregel<\/p>\n<p><strong>Gestaltung:<\/strong><br \/>\n<a href=\"http:\/\/www.helbig.com\" target=\"_blank\" rel=\"noopener\">helbig dialogdesign<\/a>, Essen<br \/>\nJan Krawitz<\/p>\n<hr \/>\n<p><strong>Urheberrecht<br \/>\n<\/strong>Die durch die Seitenbetreiber erstellten Inhalte und Werke auf diesen Seiten unterliegen dem deutschen Urheberrecht. Die Vervielf\u00e4ltigung, Bearbeitung, Verbreitung und jede Art der Verwertung au\u00dferhalb der Grenzen des Urheberrechtes bed\u00fcrfen der schriftlichen Zustimmung des jeweiligen Autors bzw. Erstellers. Downloads und Kopien dieser Seite sind nur f\u00fcr den privaten, nicht kommerziellen Gebrauch gestattet. Soweit die Inhalte auf dieser Seite nicht vom Betreiber erstellt wurden, werden die Urheberrechte Dritter beachtet. Insbesondere werden Inhalte Dritter als solche gekennzeichnet. Sollten Sie trotzdem auf eine Urheberrechtsverletzung aufmerksam werden, bitten wir um einen entsprechenden Hinweis. Bei Bekanntwerden von Rechtsverletzungen werden wir derartige Inhalte umgehend entfernen.<\/p>\n<p><strong>Datenschutzerkl\u00e4rung\u00a0<\/strong><\/p>\n<p><a href=\"http:\/\/ursula-schregel.com\/datenschutzerklaerung\">Hier finden Sie unsere Datenschutzerkl\u00e4rung<\/a>.<\/p>\n","protected":false},"excerpt":{"rendered":"<p>Angaben gem\u00e4\u00df \u00a7 5 TMG: Ursula Schregel &#8211; Atelier &#8211; M\u00fchlenstra\u00dfe 22a 52382 Niederzier Kontakt:&#8230;<\/p>\n<div class=\"more-link-wrapper\"><a class=\"more-link\" href=\"https:\/\/www.ursula-schregel.com\/en\/impressum\">Read the post<span class=\"screen-reader-text\">Imprint<\/span><\/a><\/div>\n","protected":false},"author":2,"featured_media":0,"parent":0,"menu_order":20,"comment_status":"closed","ping_status":"closed","template":"","meta":[],"translation":{"provider":"WPGlobus","version":"2.12.2","language":"en","enabled_languages":["de","en"],"languages":{"de":{"title":true,"content":true,"excerpt":false},"en":{"title":true,"content":true,"excerpt":false}}},"_links":{"self":[{"href":"https:\/\/www.ursula-schregel.com\/en\/wp-json\/wp\/v2\/pages\/7"}],"collection":[{"href":"https:\/\/www.ursula-schregel.com\/en\/wp-json\/wp\/v2\/pages"}],"about":[{"href":"https:\/\/www.ursula-schregel.com\/en\/wp-json\/wp\/v2\/types\/page"}],"author":[{"embeddable":true,"href":"https:\/\/www.ursula-schregel.com\/en\/wp-json\/wp\/v2\/users\/2"}],"replies":[{"embeddable":true,"href":"https:\/\/www.ursula-schregel.com\/en\/wp-json\/wp\/v2\/comments?post=7"}],"version-history":[{"count":28,"href":"https:\/\/www.ursula-schregel.com\/en\/wp-json\/wp\/v2\/pages\/7\/revisions"}],"predecessor-version":[{"id":2877,"href":"https:\/\/www.ursula-schregel.com\/en\/wp-json\/wp\/v2\/pages\/7\/revisions\/2877"}],"wp:attachment":[{"href":"https:\/\/www.ursula-schregel.com\/en\/wp-json\/wp\/v2\/media?parent=7"}],"curies":[{"name":"wp","href":"https:\/\/api.w.org\/{rel}","templated":true}]}}